{"id":25,"date":"2015-12-30T15:41:20","date_gmt":"2015-12-30T15:41:20","guid":{"rendered":"http:\/\/themenectar.com\/demo\/salient-corporate\/?page_id=25"},"modified":"2017-04-10T18:05:39","modified_gmt":"2017-04-10T23:05:39","slug":"contacto","status":"publish","type":"page","link":"https:\/\/agenciamarcas.com\/?page_id=25","title":{"rendered":"Contacto"},"content":{"rendered":"[vc_row type=\u00bbfull_width_background\u00bb bg_image=\u00bb6450&#8243; bg_position=\u00bbleft center\u00bb bg_repeat=\u00bbno-repeat\u00bb parallax_bg=\u00bbtrue\u00bb parallax_bg_speed=\u00bbfixed\u00bb scene_position=\u00bbcenter\u00bb text_color=\u00bblight\u00bb text_align=\u00bbleft\u00bb top_padding=\u00bb13%\u00bb bottom_padding=\u00bb12%\u00bb color_overlay=\u00bbrgba(0,81,135,0.57)\u00bb overlay_strength=\u00bb0.95&#8243;][vc_column column_padding=\u00bbno-extra-padding\u00bb column_padding_position=\u00bball\u00bb background_color_opacity=\u00bb1&#8243; background_hover_color_opacity=\u00bb1&#8243; width=\u00bb1\/1&#8243;][vc_column_text]\n<h2 style=\"text-align: center;\">\u201cSi buscas resultados distintos, no hagas siempre lo mismo\u201d<\/h2>\n<h4 style=\"text-align: center;\">Albert Einstein<\/h4>\n<h6><\/h6>\n[\/vc_column_text][\/vc_column][\/vc_row][vc_row type=\u00bbfull_width_content\u00bb bg_color=\u00bb#f7f7f7&#8243; scene_position=\u00bbcenter\u00bb text_color=\u00bbdark\u00bb text_align=\u00bbleft\u00bb overlay_strength=\u00bb0.3&#8243;][vc_column column_padding=\u00bbpadding-1-percent\u00bb column_padding_position=\u00bball\u00bb background_color_opacity=\u00bb1&#8243; background_hover_color_opacity=\u00bb1&#8243; width=\u00bb1\/1&#8243;][vc_row_inner][vc_column_inner background_image=\u00bb6475&#8243; column_padding=\u00bbpadding-1-percent\u00bb column_padding_position=\u00bball\u00bb background_color_opacity=\u00bb1&#8243; width=\u00bb1\/2&#8243;][fancy_box link_new_tab=\u00bbtrue\u00bb color=\u00bbAccent-Color\u00bb min_height=\u00bb100&#8243; link_url=\u00bbhttps:\/\/www.google.com\/maps\u00bb link_text=\u00bbGet Directions\u00bb]\n<h3>Guayaquil<\/h3>\n<p>Sauces 8 frente a riocentro norte<br \/>\ninfo@agenciamarcas.com<\/p>\n<h5><strong>Tel\u00e9fonos: 045072017 &#8211; 0990205898<\/strong><\/h5>\n[\/fancy_box][\/vc_column_inner][vc_column_inner background_image=\u00bb6477&#8243; column_padding=\u00bbpadding-1-percent\u00bb column_padding_position=\u00bball\u00bb background_color_opacity=\u00bb1&#8243; width=\u00bb1\/2&#8243;][fancy_box image_url=\u00bb6135&#8243; link_new_tab=\u00bbtrue\u00bb color=\u00bbExtra-Color-1&#8243; min_height=\u00bb100&#8243; link_url=\u00bbhttps:\/\/www.google.com\/maps\u00bb link_text=\u00bbGet Directions\u00bb]\n<h3>Quevedo<\/h3>\n<p>av 7 de octubre entre 10ma y 11va<br \/>\ninfo@agenciamarcas.com<\/p>\n<h5><strong>Tel\u00e9fonos: 052763661 &#8211; 0968450777<\/strong><\/h5>\n[\/fancy_box][\/vc_column_inner][\/vc_row_inner][\/vc_column][\/vc_row][vc_row type=\u00bbfull_width_background\u00bb bg_color=\u00bb#ffffff\u00bb scene_position=\u00bbcenter\u00bb text_color=\u00bbdark\u00bb text_align=\u00bbleft\u00bb top_padding=\u00bb6%\u00bb bottom_padding=\u00bb6%\u00bb overlay_strength=\u00bb0.3&#8243;][vc_column column_padding=\u00bbno-extra-padding\u00bb column_padding_position=\u00bball\u00bb background_color_opacity=\u00bb1&#8243; background_hover_color_opacity=\u00bb1&#8243; width=\u00bb1\/1&#8243;][vc_row_inner bottom_padding=\u00bb15&#8243;][vc_column_inner column_padding=\u00bbno-extra-padding\u00bb column_padding_position=\u00bball\u00bb background_color_opacity=\u00bb1&#8243; width=\u00bb1\/2&#8243;][vc_column_text]\n<h4>Se parte de Nuestra Familia<\/h4>\n<p>Qu\u00e9 esperas para trabajar con nosotros, cont\u00e1ctanos y te haremos una presentaci\u00f3n Gratuita para que conozcas todos nuestros servicios[\/vc_column_text][\/vc_column_inner][vc_column_inner column_padding=\u00bbno-extra-padding\u00bb column_padding_position=\u00bball\u00bb background_color_opacity=\u00bb1&#8243; width=\u00bb1\/2&#8243;][\/vc_column_inner][\/vc_row_inner][\/vc_column][\/vc_row][vc_row type=\u00bbfull_width_background\u00bb scene_position=\u00bbcenter\u00bb text_color=\u00bblight\u00bb text_align=\u00bbleft\u00bb top_padding=\u00bb8%\u00bb bottom_padding=\u00bb8%\u00bb enable_gradient=\u00bbtrue\u00bb color_overlay=\u00bb#585b64&#8243; color_overlay_2=\u00bb#2c2f38&#8243; gradient_direction=\u00bbleft_t_to_right_b\u00bb overlay_strength=\u00bb1&#8243;][vc_column column_padding=\u00bbno-extra-padding\u00bb column_padding_position=\u00bball\u00bb background_color_opacity=\u00bb1&#8243; background_hover_color_opacity=\u00bb1&#8243; width=\u00bb1\/1&#8243;][vc_column_text]\n\n<div class=\"wpcf7 no-js\" id=\"wpcf7-f6194-o1\" lang=\"es-ES\" dir=\"ltr\" data-wpcf7-id=\"6194\">\n<div class=\"screen-reader-response\"><p role=\"status\" aria-live=\"polite\" aria-atomic=\"true\"><\/p> <ul><\/ul><\/div>\n<form action=\"\/index.php?rest_route=%2Fwp%2Fv2%2Fpages%2F25#wpcf7-f6194-o1\" method=\"post\" class=\"wpcf7-form init\" aria-label=\"Formulario de contacto\" novalidate=\"novalidate\" data-status=\"init\">\n<fieldset class=\"hidden-fields-container\"><input type=\"hidden\" name=\"_wpcf7\" value=\"6194\" \/><input type=\"hidden\" name=\"_wpcf7_version\" value=\"6.1.5\" \/><input type=\"hidden\" name=\"_wpcf7_locale\" value=\"es_ES\" \/><input type=\"hidden\" name=\"_wpcf7_unit_tag\" value=\"wpcf7-f6194-o1\" \/><input type=\"hidden\" name=\"_wpcf7_container_post\" value=\"0\" \/><input type=\"hidden\" name=\"_wpcf7_posted_data_hash\" value=\"\" \/>\n<\/fieldset>\n<p>Nombre (requerido)\n<\/p>\n<p><span class=\"wpcf7-form-control-wrap\" data-name=\"your-name\"><input size=\"40\" maxlength=\"400\" class=\"wpcf7-form-control wpcf7-text wpcf7-validates-as-required\" aria-required=\"true\" aria-invalid=\"false\" value=\"\" type=\"text\" name=\"your-name\" \/><\/span>\n<\/p>\n<p>Correo electr\u00f3nico (requerido)\n<\/p>\n<p><span class=\"wpcf7-form-control-wrap\" data-name=\"your-email\"><input size=\"40\" maxlength=\"400\" class=\"wpcf7-form-control wpcf7-email wpcf7-validates-as-required wpcf7-text wpcf7-validates-as-email\" aria-required=\"true\" aria-invalid=\"false\" value=\"\" type=\"email\" name=\"your-email\" \/><\/span>\n<\/p>\n<p>Tel\u00e9fono(requerido)\n<\/p>\n<p><span class=\"wpcf7-form-control-wrap\" data-name=\"tel-482\"><input size=\"40\" maxlength=\"400\" class=\"wpcf7-form-control wpcf7-tel wpcf7-text wpcf7-validates-as-tel\" aria-invalid=\"false\" value=\"\" type=\"tel\" name=\"tel-482\" \/><\/span>\n<\/p>\n<p>Asunto\n<\/p>\n<p><span class=\"wpcf7-form-control-wrap\" data-name=\"your-subject\"><input size=\"40\" maxlength=\"400\" class=\"wpcf7-form-control wpcf7-text\" aria-invalid=\"false\" value=\"\" type=\"text\" name=\"your-subject\" \/><\/span>\n<\/p>\n<p>Mensaje\n<\/p>\n<p><span class=\"wpcf7-form-control-wrap\" data-name=\"your-message\"><textarea cols=\"40\" rows=\"10\" maxlength=\"2000\" class=\"wpcf7-form-control wpcf7-textarea\" aria-invalid=\"false\" name=\"your-message\"><\/textarea><\/span>\n<\/p>\n<p><input class=\"wpcf7-form-control wpcf7-submit has-spinner\" type=\"submit\" value=\"Enviar\" \/>\n<\/p><p style=\"display: none !important;\" class=\"akismet-fields-container\" data-prefix=\"_wpcf7_ak_\"><label>&#916;<textarea name=\"_wpcf7_ak_hp_textarea\" cols=\"45\" rows=\"8\" maxlength=\"100\"><\/textarea><\/label><input type=\"hidden\" id=\"ak_js_1\" name=\"_wpcf7_ak_js\" value=\"3\"\/><script>document.getElementById( \"ak_js_1\" ).setAttribute( \"value\", ( new Date() ).getTime() );<\/script><\/p><div class=\"wpcf7-response-output\" aria-hidden=\"true\"><\/div>\n<\/form>\n<\/div>\n\n<h3>Somos la \u00fanica agencia digital donde utilizamos las t\u00e9cnicas del neuromarketing para hacer despegar tu empresa en la galaxia del Internet e implantar tu marca mediante sentimientos y est\u00edmulos en el cerebro del consumidor.<\/h3>\n[\/vc_column_text][\/vc_column][\/vc_row]\n","protected":false},"excerpt":{"rendered":"<p>[vc_row type=\u00bbfull_width_background\u00bb bg_image=\u00bb6450&#8243; bg_position=\u00bbleft center\u00bb bg_repeat=\u00bbno-repeat\u00bb parallax_bg=\u00bbtrue\u00bb parallax_bg_speed=\u00bbfixed\u00bb scene_position=\u00bbcenter\u00bb text_color=\u00bblight\u00bb text_align=\u00bbleft\u00bb top_padding=\u00bb13%\u00bb bottom_padding=\u00bb12%\u00bb color_overlay=\u00bbrgba(0,81,135,0.57)\u00bb overlay_strength=\u00bb0.95&#8243;][vc_column column_padding=\u00bbno-extra-padding\u00bb column_padding_position=\u00bball\u00bb background_color_opacity=\u00bb1&#8243; background_hover_color_opacity=\u00bb1&#8243; width=\u00bb1\/1&#8243;][vc_column_text] \u201cSi buscas resultados distintos, no hagas siempre lo mismo\u201d Albert&#8230;<\/p>\n","protected":false},"author":7,"featured_media":0,"parent":5,"menu_order":6,"comment_status":"closed","ping_status":"closed","template":"","meta":{"footnotes":""},"class_list":["post-25","page","type-page","status-publish"],"yoast_head":"<!-- This site is optimized with the Yoast SEO plugin v27.4 - https:\/\/yoast.com\/product\/yoast-seo-wordpress\/ -->\n<title>Contacto - Agencia Marcas<\/title>\n<meta name=\"robots\" content=\"index, follow, max-snippet:-1, max-image-preview:large, max-video-preview:-1\" \/>\n<link rel=\"canonical\" href=\"https:\/\/agenciamarcas.com\/?page_id=25\" \/>\n<meta property=\"og:locale\" content=\"es_ES\" \/>\n<meta property=\"og:type\" content=\"article\" \/>\n<meta property=\"og:title\" content=\"Contacto - Agencia Marcas\" \/>\n<meta property=\"og:description\" content=\"[vc_row type=\u00bbfull_width_background\u00bb bg_image=\u00bb6450&#8243; bg_position=\u00bbleft center\u00bb bg_repeat=\u00bbno-repeat\u00bb parallax_bg=\u00bbtrue\u00bb parallax_bg_speed=\u00bbfixed\u00bb scene_position=\u00bbcenter\u00bb text_color=\u00bblight\u00bb text_align=\u00bbleft\u00bb top_padding=\u00bb13%\u00bb bottom_padding=\u00bb12%\u00bb color_overlay=\u00bbrgba(0,81,135,0.57)\u00bb overlay_strength=\u00bb0.95&#8243;][vc_column column_padding=\u00bbno-extra-padding\u00bb column_padding_position=\u00bball\u00bb background_color_opacity=\u00bb1&#8243; background_hover_color_opacity=\u00bb1&#8243; width=\u00bb1\/1&#8243;][vc_column_text] \u201cSi buscas resultados distintos, no hagas siempre lo mismo\u201d Albert...\" \/>\n<meta property=\"og:url\" content=\"https:\/\/agenciamarcas.com\/?page_id=25\" \/>\n<meta property=\"og:site_name\" content=\"Agencia Marcas\" \/>\n<meta property=\"article:modified_time\" content=\"2017-04-10T23:05:39+00:00\" \/>\n<meta name=\"twitter:card\" content=\"summary_large_image\" \/>\n<meta name=\"twitter:label1\" content=\"Tiempo de lectura\" \/>\n\t<meta name=\"twitter:data1\" content=\"2 minutos\" \/>\n<script type=\"application\/ld+json\" class=\"yoast-schema-graph\">{\"@context\":\"https:\\\/\\\/schema.org\",\"@graph\":[{\"@type\":\"WebPage\",\"@id\":\"https:\\\/\\\/agenciamarcas.com\\\/?page_id=25\",\"url\":\"https:\\\/\\\/agenciamarcas.com\\\/?page_id=25\",\"name\":\"Contacto - Agencia Marcas\",\"isPartOf\":{\"@id\":\"https:\\\/\\\/agenciamarcas.com\\\/#website\"},\"datePublished\":\"2015-12-30T15:41:20+00:00\",\"dateModified\":\"2017-04-10T23:05:39+00:00\",\"breadcrumb\":{\"@id\":\"https:\\\/\\\/agenciamarcas.com\\\/?page_id=25#breadcrumb\"},\"inLanguage\":\"es\",\"potentialAction\":[{\"@type\":\"ReadAction\",\"target\":[\"https:\\\/\\\/agenciamarcas.com\\\/?page_id=25\"]}]},{\"@type\":\"BreadcrumbList\",\"@id\":\"https:\\\/\\\/agenciamarcas.com\\\/?page_id=25#breadcrumb\",\"itemListElement\":[{\"@type\":\"ListItem\",\"position\":1,\"name\":\"Portada\",\"item\":\"https:\\\/\\\/agenciamarcas.com\\\/\"},{\"@type\":\"ListItem\",\"position\":2,\"name\":\"Home\",\"item\":\"https:\\\/\\\/agenciamarcas.com\\\/\"},{\"@type\":\"ListItem\",\"position\":3,\"name\":\"Contacto\"}]},{\"@type\":\"WebSite\",\"@id\":\"https:\\\/\\\/agenciamarcas.com\\\/#website\",\"url\":\"https:\\\/\\\/agenciamarcas.com\\\/\",\"name\":\"Agencia Marcas\",\"description\":\"marketing publicidad neuromarketing creatividad\",\"potentialAction\":[{\"@type\":\"SearchAction\",\"target\":{\"@type\":\"EntryPoint\",\"urlTemplate\":\"https:\\\/\\\/agenciamarcas.com\\\/?s={search_term_string}\"},\"query-input\":{\"@type\":\"PropertyValueSpecification\",\"valueRequired\":true,\"valueName\":\"search_term_string\"}}],\"inLanguage\":\"es\"}]}<\/script>\n<!-- \/ Yoast SEO plugin. -->","yoast_head_json":{"title":"Contacto - Agencia Marcas","robots":{"index":"index","follow":"follow","max-snippet":"max-snippet:-1","max-image-preview":"max-image-preview:large","max-video-preview":"max-video-preview:-1"},"canonical":"https:\/\/agenciamarcas.com\/?page_id=25","og_locale":"es_ES","og_type":"article","og_title":"Contacto - Agencia Marcas","og_description":"[vc_row type=\u00bbfull_width_background\u00bb bg_image=\u00bb6450&#8243; bg_position=\u00bbleft center\u00bb bg_repeat=\u00bbno-repeat\u00bb parallax_bg=\u00bbtrue\u00bb parallax_bg_speed=\u00bbfixed\u00bb scene_position=\u00bbcenter\u00bb text_color=\u00bblight\u00bb text_align=\u00bbleft\u00bb top_padding=\u00bb13%\u00bb bottom_padding=\u00bb12%\u00bb color_overlay=\u00bbrgba(0,81,135,0.57)\u00bb overlay_strength=\u00bb0.95&#8243;][vc_column column_padding=\u00bbno-extra-padding\u00bb column_padding_position=\u00bball\u00bb background_color_opacity=\u00bb1&#8243; background_hover_color_opacity=\u00bb1&#8243; width=\u00bb1\/1&#8243;][vc_column_text] \u201cSi buscas resultados distintos, no hagas siempre lo mismo\u201d Albert...","og_url":"https:\/\/agenciamarcas.com\/?page_id=25","og_site_name":"Agencia Marcas","article_modified_time":"2017-04-10T23:05:39+00:00","twitter_card":"summary_large_image","twitter_misc":{"Tiempo de lectura":"2 minutos"},"schema":{"@context":"https:\/\/schema.org","@graph":[{"@type":"WebPage","@id":"https:\/\/agenciamarcas.com\/?page_id=25","url":"https:\/\/agenciamarcas.com\/?page_id=25","name":"Contacto - Agencia Marcas","isPartOf":{"@id":"https:\/\/agenciamarcas.com\/#website"},"datePublished":"2015-12-30T15:41:20+00:00","dateModified":"2017-04-10T23:05:39+00:00","breadcrumb":{"@id":"https:\/\/agenciamarcas.com\/?page_id=25#breadcrumb"},"inLanguage":"es","potentialAction":[{"@type":"ReadAction","target":["https:\/\/agenciamarcas.com\/?page_id=25"]}]},{"@type":"BreadcrumbList","@id":"https:\/\/agenciamarcas.com\/?page_id=25#breadcrumb","itemListElement":[{"@type":"ListItem","position":1,"name":"Portada","item":"https:\/\/agenciamarcas.com\/"},{"@type":"ListItem","position":2,"name":"Home","item":"https:\/\/agenciamarcas.com\/"},{"@type":"ListItem","position":3,"name":"Contacto"}]},{"@type":"WebSite","@id":"https:\/\/agenciamarcas.com\/#website","url":"https:\/\/agenciamarcas.com\/","name":"Agencia Marcas","description":"marketing publicidad neuromarketing creatividad","potentialAction":[{"@type":"SearchAction","target":{"@type":"EntryPoint","urlTemplate":"https:\/\/agenciamarcas.com\/?s={search_term_string}"},"query-input":{"@type":"PropertyValueSpecification","valueRequired":true,"valueName":"search_term_string"}}],"inLanguage":"es"}]}},"_links":{"self":[{"href":"https:\/\/agenciamarcas.com\/index.php?rest_route=\/wp\/v2\/pages\/25","targetHints":{"allow":["GET"]}}],"collection":[{"href":"https:\/\/agenciamarcas.com\/index.php?rest_route=\/wp\/v2\/pages"}],"about":[{"href":"https:\/\/agenciamarcas.com\/index.php?rest_route=\/wp\/v2\/types\/page"}],"author":[{"embeddable":true,"href":"https:\/\/agenciamarcas.com\/index.php?rest_route=\/wp\/v2\/users\/7"}],"replies":[{"embeddable":true,"href":"https:\/\/agenciamarcas.com\/index.php?rest_route=%2Fwp%2Fv2%2Fcomments&post=25"}],"version-history":[{"count":20,"href":"https:\/\/agenciamarcas.com\/index.php?rest_route=\/wp\/v2\/pages\/25\/revisions"}],"predecessor-version":[{"id":6645,"href":"https:\/\/agenciamarcas.com\/index.php?rest_route=\/wp\/v2\/pages\/25\/revisions\/6645"}],"up":[{"embeddable":true,"href":"https:\/\/agenciamarcas.com\/index.php?rest_route=\/wp\/v2\/pages\/5"}],"wp:attachment":[{"href":"https:\/\/agenciamarcas.com\/index.php?rest_route=%2Fwp%2Fv2%2Fmedia&parent=25"}],"curies":[{"name":"wp","href":"https:\/\/api.w.org\/{rel}","templated":true}]}}